{"id":394,"date":"2020-12-11T10:19:14","date_gmt":"2020-12-11T09:19:14","guid":{"rendered":"http:\/\/www.vincent-motos.com\/?page_id=394"},"modified":"2024-07-28T19:22:12","modified_gmt":"2024-07-28T17:22:12","slug":"mentions-legales","status":"publish","type":"page","link":"https:\/\/www.vincent-motos.com\/index.php\/mentions-legales\/","title":{"rendered":"Mentions L\u00e9gales"},"content":{"rendered":"<div id=\"pl-394\"  class=\"panel-layout\" ><div id=\"pg-394-0\"  class=\"panel-grid panel-no-style\" ><div id=\"pgc-394-0-0\"  class=\"panel-grid-cell\" ><div id=\"panel-394-0-0-0\" class=\"so-panel widget widget_sow-editor panel-first-child panel-last-child\" data-index=\"0\" ><div\n\t\t\t\n\t\t\tclass=\"so-widget-sow-editor so-widget-sow-editor-base\"\n\t\t\t\n\t\t>\n<div class=\"siteorigin-widget-tinymce textwidget\">\n\t<p>Propri\u00e9taire du site Internet :<br \/>\nSARL MARSAN<\/p>\n<p>Siege Social:<br \/>\nRTE DE BAYONNE - 40280 SAINT-PIERRE-DU-MONT<\/p>\n<p>T\u00e9l\u00e9phone : 05 58 75 05 29<br \/>\nE-Mail : contact@vincent-motos.com<\/p>\n<p>Identifiant SIRET : 98227979600014<br \/>\nRCS : 982 279 796 R.C.S. Mont-de-marsan<br \/>\nAPE : 4540Z<br \/>\nNumero TVA : FR61982279796<\/p>\n<p>Cr\u00e9ation et gestion du site Internet : Vincent Motos<br \/>\nResponsable de la publication : <span class=\"dirigeant-left\">Marsan Romain<\/span><br \/>\nH\u00e9bergement du site : Linode LLC - 329 E. Jimmie Leeds Rd, Ste. A, Galloway, NJ 08205, USA<\/p>\n<\/div>\n<\/div><\/div><\/div><\/div><\/div>","protected":false},"excerpt":{"rendered":"<p>Propri\u00e9taire du site Internet : SARL MARSAN Siege Social: RTE DE BAYONNE &#8211; 40280 SAINT-PIERRE-DU-MONT T\u00e9l\u00e9phone : 05 58 75 05 29 E-Mail : contact@vincent-motos.com Identifiant SIRET : 98227979600014 RCS : 982 279 796 R.C.S. Mont-de-marsan APE : 4540Z Numero TVA : FR61982279796 Cr\u00e9ation et gestion du site Internet : Vincent Motos Responsable de la&hellip; <br \/> <a class=\"button small blue\" href=\"https:\/\/www.vincent-motos.com\/index.php\/mentions-legales\/\">Lire la suite<\/a><\/p>\n","protected":false},"author":1,"featured_media":0,"parent":0,"menu_order":0,"comment_status":"closed","ping_status":"closed","template":"","meta":{"footnotes":""},"class_list":["post-394","page","type-page","status-publish","hentry"],"_links":{"self":[{"href":"https:\/\/www.vincent-motos.com\/index.php\/wp-json\/wp\/v2\/pages\/394","targetHints":{"allow":["GET"]}}],"collection":[{"href":"https:\/\/www.vincent-motos.com\/index.php\/wp-json\/wp\/v2\/pages"}],"about":[{"href":"https:\/\/www.vincent-motos.com\/index.php\/wp-json\/wp\/v2\/types\/page"}],"author":[{"embeddable":true,"href":"https:\/\/www.vincent-motos.com\/index.php\/wp-json\/wp\/v2\/users\/1"}],"replies":[{"embeddable":true,"href":"https:\/\/www.vincent-motos.com\/index.php\/wp-json\/wp\/v2\/comments?post=394"}],"version-history":[{"count":5,"href":"https:\/\/www.vincent-motos.com\/index.php\/wp-json\/wp\/v2\/pages\/394\/revisions"}],"predecessor-version":[{"id":713,"href":"https:\/\/www.vincent-motos.com\/index.php\/wp-json\/wp\/v2\/pages\/394\/revisions\/713"}],"wp:attachment":[{"href":"https:\/\/www.vincent-motos.com\/index.php\/wp-json\/wp\/v2\/media?parent=394"}],"curies":[{"name":"wp","href":"https:\/\/api.w.org\/{rel}","templated":true}]}}